{"id":3454,"date":"2023-08-28T10:47:35","date_gmt":"2023-08-28T10:47:35","guid":{"rendered":"https:\/\/nurtravel.ch\/about\/"},"modified":"2023-09-15T18:47:14","modified_gmt":"2023-09-15T18:47:14","slug":"about","status":"publish","type":"page","link":"https:\/\/nurtravel.ch\/de\/about\/","title":{"rendered":"\u00dcber uns"},"content":{"rendered":"<div class=\"wpb-content-wrapper\"><p>[vc_row equal_height=&#8220;yes&#8220; content_placement=&#8220;middle&#8220; row_content_width=&#8220;grid&#8220; css=&#8220;.vc_custom_1693304919896{padding-top: 100px !important;}&#8220;][vc_column width=&#8220;1\/2&#8243;]<div class=\"qodef-section-title-holder  qodef-st-standard qodef-st-title-left qodef-st-normal-space  qodef-st-with-border\" style=\"text-align: left\">\n\t<div class=\"qodef-st-inner\">\n\t\t\t\t\t<h2 class=\"qodef-st-title\" >\n\t\t\t\t\u00dcber <span class=\"qodef-st-title-bold\">uns<\/span>\t\t\t<\/h2>\n\t\t\t\t\t\t\t<h5 class=\"qodef-st-text\" >\n\t\t\t\tIhr zuverl\u00e4ssiger Begleiter auf der spirituellen Reise\t\t\t<\/h5>\n\t\t\t<\/div>\n<\/div>[vc_column_text]<\/p>\n<p style=\"margin-top: 17px;\">NUR Travel wurde 2023 gegr\u00fcndet und ist ein Reiseb\u00fcro, das sich in erster Linie der Bereitstellung au\u00dfergew\u00f6hnlicher Dienstleistungen f\u00fcr muslimische Gl\u00e4ubige bei ihren Hadsch- und Umrah-Pilgerreisen widmet. Unsere Mission basiert darauf, sicherzustellen, dass Ihre heiligen Reisen den Lehren des Korans und den Traditionen des Propheten Muhammad, Friede sei mit ihm, entsprechen.<\/p>\n<p>Mit der Verpflichtung zur Exzellenz bieten wir eine Reihe von Dienstleistungen an, die jeden Aspekt Ihres Pilgererlebnisses abdecken. Von der Beschaffung von Umrah-Visa \u00fcber die Organisation von Hin- und R\u00fcckflugtickets bis hin zu komfortablen Hotelunterk\u00fcnften und authentischer Ihram-Kleidung \u2013 wir k\u00fcmmern uns um jedes Detail. Unsere Pakete beinhalten auch gef\u00fchrte Touren durch die heiligen St\u00e4dte Mekka und Medina sowie einen zuverl\u00e4ssigen Transport nach Saudi-Arabien.<\/p>\n<p>Bei Nur Travel sind wir uns der Bedeutung dieser spirituellen Reisen bewusst und unsere erfahrenen Begleiter sind bestrebt, Sie auf jedem Schritt des Weges zu unterst\u00fctzen und zu begleiten. Wenn Sie Ihre Pilgerreise beginnen, k\u00f6nnen Sie sicher sein, dass Sie in sicheren H\u00e4nden sind.<\/p>\n<p>Begleiten Sie uns auf Ihrem Streben nach spiritueller Erf\u00fcllung und Erleuchtung. Nur Travel f\u00fchlt sich geehrt, Teil Ihrer heiligen Reise zu sein.[\/vc_column_text][vc_empty_space][\/vc_column][vc_column width=&#8220;1\/2&#8243;]<div class=\"qodef-single-image-holder   \">\n    <div class=\"qodef-si-inner\" style=\"background-image: url(https:\/\/nurtravel.ch\/wp-content\/uploads\/2023\/09\/Img-01-1f.jpg)\">\n                                    <img loading=\"lazy\" decoding=\"async\" width=\"841\" height=\"1078\" src=\"https:\/\/nurtravel.ch\/wp-content\/uploads\/2023\/09\/Img-01-1f.jpg\" class=\"attachment-full size-full\" alt=\"\" srcset=\"https:\/\/nurtravel.ch\/wp-content\/uploads\/2023\/09\/Img-01-1f.jpg 841w, https:\/\/nurtravel.ch\/wp-content\/uploads\/2023\/09\/Img-01-1f-234x300.jpg 234w, https:\/\/nurtravel.ch\/wp-content\/uploads\/2023\/09\/Img-01-1f-799x1024.jpg 799w, https:\/\/nurtravel.ch\/wp-content\/uploads\/2023\/09\/Img-01-1f-768x984.jpg 768w\" sizes=\"auto, (max-width: 841px) 100vw, 841px\" \/>                        <\/div>\n<\/div>[\/vc_column][\/vc_row][vc_row row_content_width=&#8220;grid&#8220; css=&#8220;.vc_custom_1693304907417{padding-top: 100px !important;padding-bottom: 100px !important;}&#8220;][vc_column]<div class=\"qodef-section-title-holder  qodef-st-standard qodef-st-title-left qodef-st-normal-space  \" style=\"text-align: center\">\n\t<div class=\"qodef-st-inner\">\n\t\t\t\t\t<h2 class=\"qodef-st-title\" >\n\t\t\t\tH\u00e4ufige <span class=\"qodef-st-title-bold\">Fragen<\/span>\t\t\t<\/h2>\n\t\t\t\t\t\t\t<h5 class=\"qodef-st-text\" >\n\t\t\t\tAntworten auf Fragen zu Ihrer Reise\t\t\t<\/h5>\n\t\t\t<\/div>\n<\/div>[vc_row_inner css=&#8220;.vc_custom_1693305047617{padding-top: 50px !important;}&#8220;][vc_column_inner width=&#8220;1\/2&#8243;]<div class=\"qodef-accordion-holder qodef-ac-default  qodef-accordion qodef-ac-simple  clearfix\">\n\t<p class=\"qodef-accordion-title\">\n    <span class=\"qodef-accordion-mark\">\n\t\t<span class=\"qodef_icon_plus ion-chevron-down\"><\/span>\n\t\t<span class=\"qodef_icon_minus ion-chevron-up\"><\/span>\n\t<\/span>\n\t<span class=\"qodef-tab-title\">Was ist der Unterschied zwischen Hadsch und Umrah?<\/span>\n<\/p>\n<div class=\"qodef-accordion-content\">\n\t<div class=\"qodef-accordion-content-inner\">\n\t\t[vc_column_text]Der Hadsch ist eine Pilgerreise, die f\u00fcr Muslime, die bestimmte Kriterien erf\u00fcllen, obligatorisch ist, w\u00e4hrend die Umrah eine freiwillige Pilgerreise ist, die zu jeder Jahreszeit durchgef\u00fchrt werden kann. Der Hadsch umfasst eine Reihe spezifischer Rituale und findet \u00fcber einen bestimmten Zeitraum statt, w\u00e4hrend Umrah weniger Rituale hat und jederzeit durchgef\u00fchrt werden kann.[\/vc_column_text]\t<\/div>\n<\/div><p class=\"qodef-accordion-title\">\n    <span class=\"qodef-accordion-mark\">\n\t\t<span class=\"qodef_icon_plus ion-chevron-down\"><\/span>\n\t\t<span class=\"qodef_icon_minus ion-chevron-up\"><\/span>\n\t<\/span>\n\t<span class=\"qodef-tab-title\">Wie bekomme ich ein Visum f\u00fcr Umrah?<\/span>\n<\/p>\n<div class=\"qodef-accordion-content\">\n\t<div class=\"qodef-accordion-content-inner\">\n\t\t[vc_column_text]Nur Travel kann Ihnen bei der Beantragung eines Umrah-Visums behilflich sein. Kontaktieren Sie unser Team f\u00fcr detaillierte Informationen zum Bewerbungsprozess, den erforderlichen Unterlagen und etwaigen spezifischen Anforderungen.[\/vc_column_text]\t<\/div>\n<\/div><p class=\"qodef-accordion-title\">\n    <span class=\"qodef-accordion-mark\">\n\t\t<span class=\"qodef_icon_plus ion-chevron-down\"><\/span>\n\t\t<span class=\"qodef_icon_minus ion-chevron-up\"><\/span>\n\t<\/span>\n\t<span class=\"qodef-tab-title\">Welche Dienstleistungen sind in den Hadsch- und Umrah-Paketen enthalten?<\/span>\n<\/p>\n<div class=\"qodef-accordion-content\">\n\t<div class=\"qodef-accordion-content-inner\">\n\t\t[vc_column_text]Unsere Hadsch- und Umrah-Pakete umfassen Dienstleistungen wie die Bearbeitung von Visa, Hin- und R\u00fcckflugtickets, Hotelunterk\u00fcnfte, Transport und gef\u00fchrte Besuche heiliger St\u00e4tten. Detaillierte Paketinformationen finden Sie auf unserer Website oder indem Sie uns direkt kontaktieren.[\/vc_column_text]\t<\/div>\n<\/div><\/div>[\/vc_column_inner][vc_column_inner width=&#8220;1\/2&#8243;]<div class=\"qodef-accordion-holder qodef-ac-default  qodef-accordion qodef-ac-simple  clearfix\">\n\t<p class=\"qodef-accordion-title\">\n    <span class=\"qodef-accordion-mark\">\n\t\t<span class=\"qodef_icon_plus ion-chevron-down\"><\/span>\n\t\t<span class=\"qodef_icon_minus ion-chevron-up\"><\/span>\n\t<\/span>\n\t<span class=\"qodef-tab-title\">Welche Ma\u00dfnahmen werden ergriffen, um die Sicherheit und das Wohlbefinden der Pilger zu gew\u00e4hrleisten?<\/span>\n<\/p>\n<div class=\"qodef-accordion-content\">\n\t<div class=\"qodef-accordion-content-inner\">\n\t\t[vc_column_text]Ihre Sicherheit und Ihr Wohlbefinden haben f\u00fcr uns oberste Priorit\u00e4t. Wir halten uns an strenge Sicherheitsprotokolle, arbeiten mit zuverl\u00e4ssigen Transportanbietern zusammen und bieten Anleitungen, um ein reibungsloses und sicheres Pilgererlebnis zu gew\u00e4hrleisten.[\/vc_column_text]\t<\/div>\n<\/div><p class=\"qodef-accordion-title\">\n    <span class=\"qodef-accordion-mark\">\n\t\t<span class=\"qodef_icon_plus ion-chevron-down\"><\/span>\n\t\t<span class=\"qodef_icon_minus ion-chevron-up\"><\/span>\n\t<\/span>\n\t<span class=\"qodef-tab-title\">Wie kann ich mein Pilgerpaket bezahlen?<\/span>\n<\/p>\n<div class=\"qodef-accordion-content\">\n\t<div class=\"qodef-accordion-content-inner\">\n\t\t[vc_column_text]Wir bieten verschiedene Zahlungsm\u00f6glichkeiten an, darunter Online-Zahlungen, Bank\u00fcberweisungen und pers\u00f6nliche Zahlungen in unserem B\u00fcro. Einzelheiten zu den Zahlungsmethoden werden w\u00e4hrend des Buchungsvorgangs bekannt gegeben. [\/vc_column_text]\t<\/div>\n<\/div><p class=\"qodef-accordion-title\">\n    <span class=\"qodef-accordion-mark\">\n\t\t<span class=\"qodef_icon_plus ion-chevron-down\"><\/span>\n\t\t<span class=\"qodef_icon_minus ion-chevron-up\"><\/span>\n\t<\/span>\n\t<span class=\"qodef-tab-title\">Was passiert, wenn ich w\u00e4hrend meiner Reise Hilfe ben\u00f6tige?<\/span>\n<\/p>\n<div class=\"qodef-accordion-content\">\n\t<div class=\"qodef-accordion-content-inner\">\n\t\t[vc_column_text]Unser erfahrenes Team und unsere Begleiter stehen Ihnen w\u00e4hrend Ihrer gesamten Reise zur Seite. Sie k\u00f6nnen uns kontaktieren, wenn Sie Fragen, Bedenken oder Hilfe ben\u00f6tigen.[\/vc_column_text]\t<\/div>\n<\/div><\/div>[\/vc_column_inner][\/vc_row_inner][\/vc_column][\/vc_row][vc_row][vc_column]<div class=\"qodef-video-button-holder  \">\n\t<div class=\"qodef-video-button-image\" >\n\t\t<img loading=\"lazy\" decoding=\"async\" width=\"1903\" height=\"793\" src=\"https:\/\/nurtravel.ch\/wp-content\/uploads\/2023\/09\/video.webp\" class=\"attachment-full size-full\" alt=\"\" srcset=\"https:\/\/nurtravel.ch\/wp-content\/uploads\/2023\/09\/video.webp 1903w, https:\/\/nurtravel.ch\/wp-content\/uploads\/2023\/09\/video-300x125.webp 300w, https:\/\/nurtravel.ch\/wp-content\/uploads\/2023\/09\/video-1024x427.webp 1024w, https:\/\/nurtravel.ch\/wp-content\/uploads\/2023\/09\/video-768x320.webp 768w, https:\/\/nurtravel.ch\/wp-content\/uploads\/2023\/09\/video-1536x640.webp 1536w\" sizes=\"auto, (max-width: 1903px) 100vw, 1903px\" \/>\t<\/div>\n\t\t\t<a class=\"qodef-video-button-play\" href=\"https:\/\/vimeo.com\/860205407\" target=\"_self\" data-rel=\"prettyPhoto[video_button_pretty_photo_291]\">\n\t\t\t<span class=\"qodef-video-button-play-inner\">\n\t\t\t\t<span class=\"qodef-video-button-play-holder\" style=\"color: #000000\">\n\t\t\t\t\t<span class=\"arrow_triangle-right\"><\/span>\n\t\t\t\t<\/span>\n\t\t\t<\/span>\n\t\t<\/a>\n\t<\/div>[\/vc_column][\/vc_row][vc_row simple_background_color=&#8220;#face44&#8243; css=&#8220;.vc_custom_1694803620556{padding-top: 51px !important;padding-bottom: 80px !important;}&#8220; el_class=&#8220;change-background&#8220;][vc_column][vc_row_inner row_content_width=&#8220;grid&#8220; content_text_aligment=&#8220;left&#8220;][vc_column_inner]<div class=\"qodef-elements-holder   qodef-one-column  qodef-responsive-mode-768 \" ><div class=\"qodef-eh-item     \"  data-item-class=\"qodef-eh-custom-1474\" data-1024-1280=\"0 40% 0 0\" data-768-1024=\"0 35% 0 0\" data-680-768=\"0 20% 0 0\" data-680=\"0 10% 0 0\">\n\t<div class=\"qodef-eh-item-inner\">\n\t\t<div class=\"qodef-eh-item-content qodef-eh-custom-1474\" style=\"padding: 0 50% 0 0\">\n\t\t\t[vc_column_text css=&#8220;.vc_custom_1694803573797{margin-bottom: 14px !important;}&#8220;]<\/p>\n<h2><strong>Melden Sie<\/strong>\u00a0sich f\u00fcr den Newsletter an<\/h2>\n<p>[\/vc_column_text]\n<div class=\"wpcf7 no-js\" id=\"wpcf7-f3452-o1\" lang=\"en-US\" dir=\"ltr\" data-wpcf7-id=\"3452\">\n<div class=\"screen-reader-response\"><p role=\"status\" aria-live=\"polite\" aria-atomic=\"true\"><\/p> <ul><\/ul><\/div>\n<form action=\"\/de\/wp-json\/wp\/v2\/pages\/3454#wpcf7-f3452-o1\" method=\"post\" class=\"wpcf7-form init cf7_custom_style_1\" aria-label=\"Contact form\" novalidate=\"novalidate\" data-status=\"init\">\n<fieldset class=\"hidden-fields-container\"><input type=\"hidden\" name=\"_wpcf7\" value=\"3452\" \/><input type=\"hidden\" name=\"_wpcf7_version\" value=\"6.1.5\" \/><input type=\"hidden\" name=\"_wpcf7_locale\" value=\"en_US\" \/><input type=\"hidden\" name=\"_wpcf7_unit_tag\" value=\"wpcf7-f3452-o1\" \/><input type=\"hidden\" name=\"_wpcf7_container_post\" value=\"0\" \/><input type=\"hidden\" name=\"_wpcf7_posted_data_hash\" value=\"\" \/>\n<\/fieldset>\n<div class=\"qodef-newsletter clearfix\">\n\t<p><span class=\"wpcf7-form-control-wrap\" data-name=\"your-email\"><input size=\"40\" maxlength=\"400\" class=\"wpcf7-form-control wpcf7-email wpcf7-validates-as-required wpcf7-text wpcf7-validates-as-email\" aria-required=\"true\" aria-invalid=\"false\" placeholder=\"E-mail...\" value=\"\" type=\"email\" name=\"your-email\" \/><\/span><span class=\"wpcf7-form-control-wrap\" data-name=\"math-quiz\"><label><span class=\"wpcf7-quiz-label\">6+7=?<\/span> <input size=\"40\" class=\"wpcf7-form-control wpcf7-quiz\" autocomplete=\"off\" aria-required=\"true\" aria-invalid=\"false\" type=\"text\" name=\"math-quiz\" \/><\/label><input type=\"hidden\" name=\"_wpcf7_quiz_answer_math-quiz\" value=\"1491c5bd44aa3223a9a1ad15e333440a\" \/><\/span><input class=\"wpcf7-form-control wpcf7-submit has-spinner\" type=\"submit\" value=\"Abonnieren\" \/>\n\t<\/p>\n<\/div><input type='hidden' class='wpcf7-pum' value='{\"closepopup\":false,\"closedelay\":0,\"openpopup\":false,\"openpopup_id\":0}' \/><div class=\"wpcf7-response-output\" aria-hidden=\"true\"><\/div>\n<\/form>\n<\/div>\n\t\t<\/div>\n\t<\/div>\n\t<\/div><\/div>[\/vc_column_inner][\/vc_row_inner][\/vc_column][\/vc_row]<\/p>\n<\/div>","protected":false},"excerpt":{"rendered":"<p>[vc_row equal_height=&#8220;yes&#8220; content_placement=&#8220;middle&#8220; row_content_width=&#8220;grid&#8220; css=&#8220;.vc_custom_1693304919896{padding-top: 100px !important;}&#8220;][vc_column width=&#8220;1\/2&#8243;][vc_column_text] NUR Travel wurde 2023 gegr\u00fcndet und ist ein Reiseb\u00fcro, das sich in erster Linie der Bereitstellung au\u00dfergew\u00f6hnlicher Dienstleistungen f\u00fcr muslimische Gl\u00e4ubige bei ihren Hadsch- und Umrah-Pilgerreisen widmet. Unsere Mission basiert darauf, sicherzustellen, dass Ihre heiligen Reisen den Lehren des Korans und den Traditionen des Propheten Muhammad, [&hellip;]<\/p>\n","protected":false},"author":1,"featured_media":0,"parent":0,"menu_order":0,"comment_status":"closed","ping_status":"closed","template":"full-width.php","meta":{"_joinchat":[],"footnotes":""},"class_list":["post-3454","page","type-page","status-publish","hentry"],"yoast_head":"<!-- This site is optimized with the Yoast SEO plugin v27.5 - https:\/\/yoast.com\/product\/yoast-seo-wordpress\/ -->\n<title>\u00dcber uns - Nur Travel<\/title>\n<meta name=\"description\" content=\"Nur Travel \u00ebsht\u00eb e dedikuar p\u00ebr t\u00eb ofruar sh\u00ebrbime t\u00eb jasht\u00ebzakonshme p\u00ebr besimtar\u00ebt mysliman\u00eb p\u00ebr pelegrinazhet e tyre t\u00eb Haxhit dhe Umres. Hajj und Umrah\" \/>\n<meta name=\"robots\" content=\"index, follow, max-snippet:-1, max-image-preview:large, max-video-preview:-1\" \/>\n<link rel=\"canonical\" href=\"https:\/\/nurtravel.ch\/de\/about\/\" \/>\n<meta property=\"og:locale\" content=\"de_DE\" \/>\n<meta property=\"og:type\" content=\"article\" \/>\n<meta property=\"og:title\" content=\"Nur Travel - Reth Nesh\" \/>\n<meta property=\"og:description\" content=\"Nur Travel \u00ebsht\u00eb e dedikuar p\u00ebr t\u00eb ofruar sh\u00ebrbime t\u00eb jasht\u00ebzakonshme p\u00ebr besimtar\u00ebt mysliman\u00eb p\u00ebr pelegrinazhet e tyre t\u00eb Haxhit dhe Umres.\" \/>\n<meta property=\"og:url\" content=\"https:\/\/nurtravel.ch\/de\/about\/\" \/>\n<meta property=\"og:site_name\" content=\"Nur Travel\" \/>\n<meta property=\"article:publisher\" content=\"https:\/\/www.facebook.com\/nurtravel.ch\" \/>\n<meta property=\"article:modified_time\" content=\"2023-09-15T18:47:14+00:00\" \/>\n<meta property=\"og:image\" content=\"https:\/\/nurtravel.ch\/wp-content\/uploads\/2023\/09\/social.jpg\" \/>\n\t<meta property=\"og:image:width\" content=\"1200\" \/>\n\t<meta property=\"og:image:height\" content=\"630\" \/>\n\t<meta property=\"og:image:type\" content=\"image\/jpeg\" \/>\n<meta name=\"twitter:card\" content=\"summary_large_image\" \/>\n<meta name=\"twitter:title\" content=\"Nur Travel - Reth Nesh\" \/>\n<meta name=\"twitter:description\" content=\"Nur Travel \u00ebsht\u00eb e dedikuar p\u00ebr t\u00eb ofruar sh\u00ebrbime t\u00eb jasht\u00ebzakonshme p\u00ebr besimtar\u00ebt mysliman\u00eb p\u00ebr pelegrinazhet e tyre t\u00eb Haxhit dhe Umres.\" \/>\n<meta name=\"twitter:image\" content=\"https:\/\/nurtravel.ch\/wp-content\/uploads\/2023\/09\/social.jpg\" \/>\n<meta name=\"twitter:label1\" content=\"Gesch\u00e4tzte Lesezeit\" \/>\n\t<meta name=\"twitter:data1\" content=\"3\u00a0Minuten\" \/>\n<script type=\"application\/ld+json\" class=\"yoast-schema-graph\">{\"@context\":\"https:\\\/\\\/schema.org\",\"@graph\":[{\"@type\":[\"WebPage\",\"AboutPage\"],\"@id\":\"https:\\\/\\\/nurtravel.ch\\\/de\\\/about\\\/\",\"url\":\"https:\\\/\\\/nurtravel.ch\\\/de\\\/about\\\/\",\"name\":\"\u00dcber uns - Nur Travel\",\"isPartOf\":{\"@id\":\"https:\\\/\\\/nurtravel.ch\\\/#website\"},\"datePublished\":\"2023-08-28T10:47:35+00:00\",\"dateModified\":\"2023-09-15T18:47:14+00:00\",\"description\":\"Nur Travel \u00ebsht\u00eb e dedikuar p\u00ebr t\u00eb ofruar sh\u00ebrbime t\u00eb jasht\u00ebzakonshme p\u00ebr besimtar\u00ebt mysliman\u00eb p\u00ebr pelegrinazhet e tyre t\u00eb Haxhit dhe Umres. Hajj und Umrah\",\"breadcrumb\":{\"@id\":\"https:\\\/\\\/nurtravel.ch\\\/de\\\/about\\\/#breadcrumb\"},\"inLanguage\":\"de\",\"potentialAction\":[{\"@type\":\"ReadAction\",\"target\":[\"https:\\\/\\\/nurtravel.ch\\\/de\\\/about\\\/\"]}]},{\"@type\":\"BreadcrumbList\",\"@id\":\"https:\\\/\\\/nurtravel.ch\\\/de\\\/about\\\/#breadcrumb\",\"itemListElement\":[{\"@type\":\"ListItem\",\"position\":1,\"name\":\"Home\",\"item\":\"https:\\\/\\\/nurtravel.ch\\\/de\\\/homepage\\\/\"},{\"@type\":\"ListItem\",\"position\":2,\"name\":\"\u00dcber uns\"}]},{\"@type\":\"WebSite\",\"@id\":\"https:\\\/\\\/nurtravel.ch\\\/#website\",\"url\":\"https:\\\/\\\/nurtravel.ch\\\/\",\"name\":\"Nur Travel\",\"description\":\"\",\"publisher\":{\"@id\":\"https:\\\/\\\/nurtravel.ch\\\/#organization\"},\"potentialAction\":[{\"@type\":\"SearchAction\",\"target\":{\"@type\":\"EntryPoint\",\"urlTemplate\":\"https:\\\/\\\/nurtravel.ch\\\/?s={search_term_string}\"},\"query-input\":{\"@type\":\"PropertyValueSpecification\",\"valueRequired\":true,\"valueName\":\"search_term_string\"}}],\"inLanguage\":\"de\"},{\"@type\":\"Organization\",\"@id\":\"https:\\\/\\\/nurtravel.ch\\\/#organization\",\"name\":\"Nur Travel\",\"url\":\"https:\\\/\\\/nurtravel.ch\\\/\",\"logo\":{\"@type\":\"ImageObject\",\"inLanguage\":\"de\",\"@id\":\"https:\\\/\\\/nurtravel.ch\\\/#\\\/schema\\\/logo\\\/image\\\/\",\"url\":\"https:\\\/\\\/nurtravel.ch\\\/wp-content\\\/uploads\\\/2017\\\/08\\\/logo_dark.svg\",\"contentUrl\":\"https:\\\/\\\/nurtravel.ch\\\/wp-content\\\/uploads\\\/2017\\\/08\\\/logo_dark.svg\",\"width\":1,\"height\":1,\"caption\":\"Nur Travel\"},\"image\":{\"@id\":\"https:\\\/\\\/nurtravel.ch\\\/#\\\/schema\\\/logo\\\/image\\\/\"},\"sameAs\":[\"https:\\\/\\\/www.facebook.com\\\/nurtravel.ch\",\"https:\\\/\\\/www.instagram.com\\\/nurtravel.ch\\\/\"]}]}<\/script>\n<!-- \/ Yoast SEO plugin. -->","yoast_head_json":{"title":"\u00dcber uns - Nur Travel","description":"Nur Travel \u00ebsht\u00eb e dedikuar p\u00ebr t\u00eb ofruar sh\u00ebrbime t\u00eb jasht\u00ebzakonshme p\u00ebr besimtar\u00ebt mysliman\u00eb p\u00ebr pelegrinazhet e tyre t\u00eb Haxhit dhe Umres. Hajj und Umrah","robots":{"index":"index","follow":"follow","max-snippet":"max-snippet:-1","max-image-preview":"max-image-preview:large","max-video-preview":"max-video-preview:-1"},"canonical":"https:\/\/nurtravel.ch\/de\/about\/","og_locale":"de_DE","og_type":"article","og_title":"Nur Travel - Reth Nesh","og_description":"Nur Travel \u00ebsht\u00eb e dedikuar p\u00ebr t\u00eb ofruar sh\u00ebrbime t\u00eb jasht\u00ebzakonshme p\u00ebr besimtar\u00ebt mysliman\u00eb p\u00ebr pelegrinazhet e tyre t\u00eb Haxhit dhe Umres.","og_url":"https:\/\/nurtravel.ch\/de\/about\/","og_site_name":"Nur Travel","article_publisher":"https:\/\/www.facebook.com\/nurtravel.ch","article_modified_time":"2023-09-15T18:47:14+00:00","og_image":[{"width":1200,"height":630,"url":"https:\/\/nurtravel.ch\/wp-content\/uploads\/2023\/09\/social.jpg","type":"image\/jpeg"}],"twitter_card":"summary_large_image","twitter_title":"Nur Travel - Reth Nesh","twitter_description":"Nur Travel \u00ebsht\u00eb e dedikuar p\u00ebr t\u00eb ofruar sh\u00ebrbime t\u00eb jasht\u00ebzakonshme p\u00ebr besimtar\u00ebt mysliman\u00eb p\u00ebr pelegrinazhet e tyre t\u00eb Haxhit dhe Umres.","twitter_image":"https:\/\/nurtravel.ch\/wp-content\/uploads\/2023\/09\/social.jpg","twitter_misc":{"Gesch\u00e4tzte Lesezeit":"3\u00a0Minuten"},"schema":{"@context":"https:\/\/schema.org","@graph":[{"@type":["WebPage","AboutPage"],"@id":"https:\/\/nurtravel.ch\/de\/about\/","url":"https:\/\/nurtravel.ch\/de\/about\/","name":"\u00dcber uns - Nur Travel","isPartOf":{"@id":"https:\/\/nurtravel.ch\/#website"},"datePublished":"2023-08-28T10:47:35+00:00","dateModified":"2023-09-15T18:47:14+00:00","description":"Nur Travel \u00ebsht\u00eb e dedikuar p\u00ebr t\u00eb ofruar sh\u00ebrbime t\u00eb jasht\u00ebzakonshme p\u00ebr besimtar\u00ebt mysliman\u00eb p\u00ebr pelegrinazhet e tyre t\u00eb Haxhit dhe Umres. Hajj und Umrah","breadcrumb":{"@id":"https:\/\/nurtravel.ch\/de\/about\/#breadcrumb"},"inLanguage":"de","potentialAction":[{"@type":"ReadAction","target":["https:\/\/nurtravel.ch\/de\/about\/"]}]},{"@type":"BreadcrumbList","@id":"https:\/\/nurtravel.ch\/de\/about\/#breadcrumb","itemListElement":[{"@type":"ListItem","position":1,"name":"Home","item":"https:\/\/nurtravel.ch\/de\/homepage\/"},{"@type":"ListItem","position":2,"name":"\u00dcber uns"}]},{"@type":"WebSite","@id":"https:\/\/nurtravel.ch\/#website","url":"https:\/\/nurtravel.ch\/","name":"Nur Travel","description":"","publisher":{"@id":"https:\/\/nurtravel.ch\/#organization"},"potentialAction":[{"@type":"SearchAction","target":{"@type":"EntryPoint","urlTemplate":"https:\/\/nurtravel.ch\/?s={search_term_string}"},"query-input":{"@type":"PropertyValueSpecification","valueRequired":true,"valueName":"search_term_string"}}],"inLanguage":"de"},{"@type":"Organization","@id":"https:\/\/nurtravel.ch\/#organization","name":"Nur Travel","url":"https:\/\/nurtravel.ch\/","logo":{"@type":"ImageObject","inLanguage":"de","@id":"https:\/\/nurtravel.ch\/#\/schema\/logo\/image\/","url":"https:\/\/nurtravel.ch\/wp-content\/uploads\/2017\/08\/logo_dark.svg","contentUrl":"https:\/\/nurtravel.ch\/wp-content\/uploads\/2017\/08\/logo_dark.svg","width":1,"height":1,"caption":"Nur Travel"},"image":{"@id":"https:\/\/nurtravel.ch\/#\/schema\/logo\/image\/"},"sameAs":["https:\/\/www.facebook.com\/nurtravel.ch","https:\/\/www.instagram.com\/nurtravel.ch\/"]}]}},"_links":{"self":[{"href":"https:\/\/nurtravel.ch\/de\/wp-json\/wp\/v2\/pages\/3454","targetHints":{"allow":["GET"]}}],"collection":[{"href":"https:\/\/nurtravel.ch\/de\/wp-json\/wp\/v2\/pages"}],"about":[{"href":"https:\/\/nurtravel.ch\/de\/wp-json\/wp\/v2\/types\/page"}],"author":[{"embeddable":true,"href":"https:\/\/nurtravel.ch\/de\/wp-json\/wp\/v2\/users\/1"}],"replies":[{"embeddable":true,"href":"https:\/\/nurtravel.ch\/de\/wp-json\/wp\/v2\/comments?post=3454"}],"version-history":[{"count":3,"href":"https:\/\/nurtravel.ch\/de\/wp-json\/wp\/v2\/pages\/3454\/revisions"}],"predecessor-version":[{"id":3457,"href":"https:\/\/nurtravel.ch\/de\/wp-json\/wp\/v2\/pages\/3454\/revisions\/3457"}],"wp:attachment":[{"href":"https:\/\/nurtravel.ch\/de\/wp-json\/wp\/v2\/media?parent=3454"}],"curies":[{"name":"wp","href":"https:\/\/api.w.org\/{rel}","templated":true}]}}