{"id":3458,"date":"2023-08-28T10:47:35","date_gmt":"2023-08-28T10:47:35","guid":{"rendered":"https:\/\/nurtravel.ch\/contact\/"},"modified":"2023-09-15T19:11:04","modified_gmt":"2023-09-15T19:11:04","slug":"contact","status":"publish","type":"page","link":"https:\/\/nurtravel.ch\/de\/contact\/","title":{"rendered":"Kontakt"},"content":{"rendered":"<div class=\"wpb-content-wrapper\"><p>[vc_row][vc_column css=&#8220;.vc_custom_1504102479241{padding-top: 0px !important;}&#8220;]<div class=\"qodef-google-map-holder\">\n\t<div class=\"qodef-google-map\" id=\"qodef-map-491485\" data-addresses='[\"Baronrain 6a Balsthal, Schweiz\"]' data-custom-map-style=no data-color-overlay=#393939 data-saturation=-100 data-lightness=-60 data-zoom=13 data-pin=https:\/\/nurtravel.ch\/wp-content\/uploads\/2017\/08\/map-pin-img.png data-unique-id=491485 data-scroll-wheel=no data-height=460 data-predefined-style=yes><\/div>\n\t\t\t<div class=\"qodef-google-map-overlay\"><\/div>\n\t<\/div>\n[\/vc_column][\/vc_row][vc_row equal_height=&#8220;yes&#8220; content_placement=&#8220;middle&#8220; row_content_width=&#8220;grid&#8220; css=&#8220;.vc_custom_1504858569016{padding-top: 70px !important;padding-bottom: 60px !important;}&#8220;][vc_column width=&#8220;3\/4&#8243; offset=&#8220;vc_col-lg-7 vc_col-md-12&#8243;]<div class=\"qodef-elements-holder   qodef-one-column  qodef-responsive-mode-768 \" ><div class=\"qodef-eh-item     \"  data-item-class=\"qodef-eh-custom-2564\" data-1024-1280=\"0 0 6.6% 0\" data-768-1024=\"0 0 3.5%\" data-680-768=\"0 0 5%\" data-680=\"0 0 11% 0\">\n\t<div class=\"qodef-eh-item-inner\">\n\t\t<div class=\"qodef-eh-item-content qodef-eh-custom-2564\" style=\"padding: 0 8% 0 0\">\n\t\t\t[vc_column_text]<\/p>\n<h3 style=\"font-size: 25px; margin-bottom: -8px;\"><strong>Kontaktieren<\/strong> Sie uns<\/h3>\n<p><em><span class=\"change-second-color\" style=\"color: #ff0030; font-family: Montserrat, sans-serif;\">Kontaktieren Sie uns f\u00fcr Fragen, Reservierungen und Unterst\u00fctzung<\/span><\/em><\/p>\n<p>Wir helfen Ihnen gerne bei allen Fragen, Reservierungen oder Unterst\u00fctzung, die Sie f\u00fcr Ihre n\u00e4chste Reise ben\u00f6tigen. F\u00fcllen Sie gerne das Kontaktformular aus und unser engagiertes Team wird sich so schnell wie m\u00f6glich bei Ihnen melden.<\/p>\n<p>Sie k\u00f6nnen uns auch auf der Karte oben finden, um das Auffinden unseres B\u00fcros zu erleichtern.[\/vc_column_text][vc_empty_space]    <span class=\"qodef-icon-shortcode qodef-normal   \" style=\"margin: 0 12px 0 10px\" data-hover-color=\"#000000\" data-color=\"#868686\">\n                    <a itemprop=\"url\" class=\"\" href=\"https:\/\/www.facebook.com\/nurtravel.ch\" target=\"_blank\">\n                    <span aria-hidden=\"true\" class=\"qodef-icon-font-elegant social_facebook qodef-icon-element\" style=\"color: #868686;font-size:15px\" ><\/span>                    <\/a>\n            <\/span>\n    <span class=\"qodef-icon-shortcode qodef-normal   \"  data-hover-color=\"#000000\" data-color=\"#868686\">\n                    <a itemprop=\"url\" class=\"\" href=\"https:\/\/www.instagram.com\/nurtravel.ch\/\" target=\"_blank\">\n                    <i class=\"qodef-icon-font-awesome fa fa-instagram qodef-icon-element\" style=\"color: #868686;font-size:20px\" ><\/i>                    <\/a>\n            <\/span>\n\t\t<\/div>\n\t<\/div>\n\t<\/div><\/div>[\/vc_column][vc_column offset=&#8220;vc_col-lg-5 vc_col-md-7&#8243;]<div class=\"qodef-elements-holder   qodef-one-column  qodef-responsive-mode-768 \" ><div class=\"qodef-eh-item     \"  data-item-class=\"qodef-eh-custom-4738\" data-768-1024=\"0 0\" data-680-768=\"0 0\" data-680=\"0 0\">\n\t<div class=\"qodef-eh-item-inner\">\n\t\t<div class=\"qodef-eh-item-content qodef-eh-custom-4738\" style=\"padding: 0 8% 0 0\">\n\t\t\t\n<div class=\"wpcf7 no-js\" id=\"wpcf7-f3451-o1\" lang=\"en-US\" dir=\"ltr\" data-wpcf7-id=\"3451\">\n<div class=\"screen-reader-response\"><p role=\"status\" aria-live=\"polite\" aria-atomic=\"true\"><\/p> <ul><\/ul><\/div>\n<form action=\"\/de\/wp-json\/wp\/v2\/pages\/3458#wpcf7-f3451-o1\" method=\"post\" class=\"wpcf7-form init cf7_custom_style_2\" aria-label=\"Contact form\" novalidate=\"novalidate\" data-status=\"init\">\n<fieldset class=\"hidden-fields-container\"><input type=\"hidden\" name=\"_wpcf7\" value=\"3451\" \/><input type=\"hidden\" name=\"_wpcf7_version\" value=\"6.1.5\" \/><input type=\"hidden\" name=\"_wpcf7_locale\" value=\"en_US\" \/><input type=\"hidden\" name=\"_wpcf7_unit_tag\" value=\"wpcf7-f3451-o1\" \/><input type=\"hidden\" name=\"_wpcf7_container_post\" value=\"0\" \/><input type=\"hidden\" name=\"_wpcf7_posted_data_hash\" value=\"\" \/>\n<\/fieldset>\n<div class=\"qodef-cf-with-icons\">\n\t<p><span class=\"wpcf7-form-control-wrap\" data-name=\"your-name\"><input size=\"40\" maxlength=\"400\" class=\"wpcf7-form-control wpcf7-text wpcf7-validates-as-required\" aria-required=\"true\" aria-invalid=\"false\" placeholder=\"Name*\" value=\"\" type=\"text\" name=\"your-name\" \/><\/span><br \/>\n<span class=\"wpcf7-form-control-wrap\" data-name=\"your-email\"><input size=\"40\" maxlength=\"400\" class=\"wpcf7-form-control wpcf7-email wpcf7-validates-as-required wpcf7-text wpcf7-validates-as-email\" aria-required=\"true\" aria-invalid=\"false\" placeholder=\"E-Mail*\" value=\"\" type=\"email\" name=\"your-email\" \/><\/span><br \/>\n<span class=\"wpcf7-form-control-wrap\" data-name=\"mesage\"><textarea cols=\"40\" rows=\"10\" maxlength=\"2000\" class=\"wpcf7-form-control wpcf7-textarea\" aria-invalid=\"false\" placeholder=\"Nachricht\" name=\"mesage\"><\/textarea><\/span><br \/>\n<span class=\"wpcf7-form-control-wrap\" data-name=\"math-quiz\"><label><span class=\"wpcf7-quiz-label\">8+9=?<\/span> <input size=\"40\" class=\"wpcf7-form-control wpcf7-quiz\" autocomplete=\"off\" aria-required=\"true\" aria-invalid=\"false\" type=\"text\" name=\"math-quiz\" \/><\/label><input type=\"hidden\" name=\"_wpcf7_quiz_answer_math-quiz\" value=\"6c2ac7ab1cbe530b6657cab6afb247b7\" \/><\/span><br \/>\n<input class=\"wpcf7-form-control wpcf7-submit has-spinner\" type=\"submit\" value=\"Schick uns eine Nachricht\" \/>\n\t<\/p>\n<\/div><input type='hidden' class='wpcf7-pum' value='{\"closepopup\":false,\"closedelay\":0,\"openpopup\":false,\"openpopup_id\":0}' \/><div class=\"wpcf7-response-output\" aria-hidden=\"true\"><\/div>\n<\/form>\n<\/div>\n\t\t<\/div>\n\t<\/div>\n\t<\/div><\/div>[\/vc_column][\/vc_row][vc_row gap=&#8220;15&#8243; row_content_width=&#8220;grid&#8220;][vc_column width=&#8220;1\/3&#8243; css=&#8220;.vc_custom_1693227363322{margin-top: 30px !important;margin-bottom: 30px !important;padding-top: 30px !important;padding-bottom: 30px !important;background-color: #f3f8f6 !important;border-radius: 10px !important;}&#8220;]<div class=\"qodef-iwt clearfix  qodef-iwt-icon-top qodef-iwt-icon-medium\">\n\t<div class=\"qodef-iwt-icon\">\n\t\t\t\t\t<a itemprop=\"url\" href=\"https:\/\/goo.gl\/maps\/JxftMYDjUdYKZdst8\" target=\"_blank\">\n\t\t\t\t\t\t\t\t\t<img decoding=\"async\" src=\"https:\/\/nurtravel.ch\/wp-content\/uploads\/2023\/09\/address.svg\" class=\"attachment-full size-full\" alt=\"\" \/>\t\t\t\t\t\t\t\t<\/a>\n\t\t\t<\/div>\n\t<div class=\"qodef-iwt-content\" >\n\t\t\t\t\t<h4 class=\"qodef-iwt-title\" >\n\t\t\t\t\t\t\t\t\t<a itemprop=\"url\" href=\"https:\/\/goo.gl\/maps\/JxftMYDjUdYKZdst8\" target=\"_blank\">\n\t\t\t\t\t\t\t\t<span class=\"qodef-iwt-title-text\">Standort<\/span>\n\t\t\t\t\t\t\t\t\t<\/a>\n\t\t\t\t\t\t\t<\/h4>\n\t\t\t\t\t\t\t<p class=\"qodef-iwt-text\" >Baronrain 6a, Balsthal, Schweiz<\/p>\n\t\t\t<\/div>\n<\/div>[\/vc_column][vc_column width=&#8220;1\/3&#8243; css=&#8220;.vc_custom_1693227374324{margin-top: 30px !important;margin-bottom: 30px !important;padding-top: 30px !important;padding-bottom: 30px !important;background-color: #f3f8f6 !important;border-radius: 10px !important;}&#8220;]<div class=\"qodef-iwt clearfix  qodef-iwt-icon-top qodef-iwt-icon-medium\">\n\t<div class=\"qodef-iwt-icon\">\n\t\t\t\t\t<a itemprop=\"url\" href=\"mailto:info@nurtravel.ch\" target=\"_self\">\n\t\t\t\t\t\t\t\t\t<img decoding=\"async\" src=\"https:\/\/nurtravel.ch\/wp-content\/uploads\/2023\/09\/email.svg\" class=\"attachment-full size-full\" alt=\"\" \/>\t\t\t\t\t\t\t\t<\/a>\n\t\t\t<\/div>\n\t<div class=\"qodef-iwt-content\" >\n\t\t\t\t\t<h4 class=\"qodef-iwt-title\" >\n\t\t\t\t\t\t\t\t\t<a itemprop=\"url\" href=\"mailto:info@nurtravel.ch\" target=\"_self\">\n\t\t\t\t\t\t\t\t<span class=\"qodef-iwt-title-text\">E-Mail<\/span>\n\t\t\t\t\t\t\t\t\t<\/a>\n\t\t\t\t\t\t\t<\/h4>\n\t\t\t\t\t\t\t<p class=\"qodef-iwt-text\" >info@nurtravel.ch<\/p>\n\t\t\t<\/div>\n<\/div>[\/vc_column][vc_column width=&#8220;1\/3&#8243; css=&#8220;.vc_custom_1693227380239{margin-top: 30px !important;margin-bottom: 30px !important;padding-top: 30px !important;padding-bottom: 30px !important;background-color: #f3f8f6 !important;border-radius: 10px !important;}&#8220;]<div class=\"qodef-iwt clearfix  qodef-iwt-icon-top qodef-iwt-icon-medium\">\n\t<div class=\"qodef-iwt-icon\">\n\t\t\t\t\t<a itemprop=\"url\" href=\"tel:+41%2076%20244%2028%2043\" target=\"_self\">\n\t\t\t\t\t\t\t\t\t<img decoding=\"async\" src=\"https:\/\/nurtravel.ch\/wp-content\/uploads\/2023\/09\/phone.svg\" class=\"attachment-full size-full\" alt=\"\" \/>\t\t\t\t\t\t\t\t<\/a>\n\t\t\t<\/div>\n\t<div class=\"qodef-iwt-content\" >\n\t\t\t\t\t<h4 class=\"qodef-iwt-title\" >\n\t\t\t\t\t\t\t\t\t<a itemprop=\"url\" href=\"tel:+41%2076%20244%2028%2043\" target=\"_self\">\n\t\t\t\t\t\t\t\t<span class=\"qodef-iwt-title-text\">Telefon<\/span>\n\t\t\t\t\t\t\t\t\t<\/a>\n\t\t\t\t\t\t\t<\/h4>\n\t\t\t\t\t\t\t<p class=\"qodef-iwt-text\" >+41 76 244 28 43<\/p>\n\t\t\t<\/div>\n<\/div>[\/vc_column][\/vc_row]<\/p>\n<\/div>","protected":false},"excerpt":{"rendered":"<p>[vc_row][vc_column css=&#8220;.vc_custom_1504102479241{padding-top: 0px !important;}&#8220;][\/vc_column][\/vc_row][vc_row equal_height=&#8220;yes&#8220; content_placement=&#8220;middle&#8220; row_content_width=&#8220;grid&#8220; css=&#8220;.vc_custom_1504858569016{padding-top: 70px !important;padding-bottom: 60px !important;}&#8220;][vc_column width=&#8220;3\/4&#8243; offset=&#8220;vc_col-lg-7 vc_col-md-12&#8243;][\/vc_column][vc_column offset=&#8220;vc_col-lg-5 vc_col-md-7&#8243;][\/vc_column][\/vc_row][vc_row gap=&#8220;15&#8243; row_content_width=&#8220;grid&#8220;][vc_column width=&#8220;1\/3&#8243; css=&#8220;.vc_custom_1693227363322{margin-top: 30px !important;margin-bottom: 30px !important;padding-top: 30px !important;padding-bottom: 30px !important;background-color: #f3f8f6 !important;border-radius: 10px !important;}&#8220;][\/vc_column][vc_column width=&#8220;1\/3&#8243; css=&#8220;.vc_custom_1693227374324{margin-top: 30px !important;margin-bottom: 30px !important;padding-top: 30px !important;padding-bottom: 30px !important;background-color: #f3f8f6 !important;border-radius: 10px !important;}&#8220;][\/vc_column][vc_column width=&#8220;1\/3&#8243; css=&#8220;.vc_custom_1693227380239{margin-top: 30px !important;margin-bottom: 30px !important;padding-top: 30px [&hellip;]<\/p>\n","protected":false},"author":1,"featured_media":0,"parent":0,"menu_order":0,"comment_status":"closed","ping_status":"closed","template":"full-width.php","meta":{"_joinchat":[],"footnotes":""},"class_list":["post-3458","page","type-page","status-publish","hentry"],"yoast_head":"<!-- This site is optimized with the Yoast SEO plugin v27.5 - https:\/\/yoast.com\/product\/yoast-seo-wordpress\/ -->\n<title>Kontakt - Nur Travel<\/title>\n<meta name=\"description\" content=\"Nur Travel \u00ebsht\u00eb e dedikuar p\u00ebr t\u00eb ofruar sh\u00ebrbime t\u00eb jasht\u00ebzakonshme p\u00ebr besimtar\u00ebt mysliman\u00eb p\u00ebr pelegrinazhet e tyre t\u00eb Haxhit dhe Umres. Hajj und Umrah\" \/>\n<meta name=\"robots\" content=\"index, follow, max-snippet:-1, max-image-preview:large, max-video-preview:-1\" \/>\n<link rel=\"canonical\" href=\"https:\/\/nurtravel.ch\/de\/contact\/\" \/>\n<meta property=\"og:locale\" content=\"de_DE\" \/>\n<meta property=\"og:type\" content=\"article\" \/>\n<meta property=\"og:title\" content=\"Nur Travel - Kontakt\" \/>\n<meta property=\"og:description\" content=\"Nur Travel \u00ebsht\u00eb e dedikuar p\u00ebr t\u00eb ofruar sh\u00ebrbime t\u00eb jasht\u00ebzakonshme p\u00ebr besimtar\u00ebt mysliman\u00eb p\u00ebr pelegrinazhet e tyre t\u00eb Haxhit dhe Umres.\" \/>\n<meta property=\"og:url\" content=\"https:\/\/nurtravel.ch\/de\/contact\/\" \/>\n<meta property=\"og:site_name\" content=\"Nur Travel\" \/>\n<meta property=\"article:publisher\" content=\"https:\/\/www.facebook.com\/nurtravel.ch\" \/>\n<meta property=\"article:modified_time\" content=\"2023-09-15T19:11:04+00:00\" \/>\n<meta property=\"og:image\" content=\"https:\/\/nurtravel.ch\/wp-content\/uploads\/2023\/09\/social.jpg\" \/>\n\t<meta property=\"og:image:width\" content=\"1200\" \/>\n\t<meta property=\"og:image:height\" content=\"630\" \/>\n\t<meta property=\"og:image:type\" content=\"image\/jpeg\" \/>\n<meta name=\"twitter:card\" content=\"summary_large_image\" \/>\n<meta name=\"twitter:title\" content=\"Nur Travel - Kontakt\" \/>\n<meta name=\"twitter:description\" content=\"Nur Travel \u00ebsht\u00eb e dedikuar p\u00ebr t\u00eb ofruar sh\u00ebrbime t\u00eb jasht\u00ebzakonshme p\u00ebr besimtar\u00ebt mysliman\u00eb p\u00ebr pelegrinazhet e tyre t\u00eb Haxhit dhe Umres.\" \/>\n<meta name=\"twitter:image\" content=\"https:\/\/nurtravel.ch\/wp-content\/uploads\/2023\/09\/social.jpg\" \/>\n<meta name=\"twitter:label1\" content=\"Gesch\u00e4tzte Lesezeit\" \/>\n\t<meta name=\"twitter:data1\" content=\"1\u00a0Minute\" \/>\n<script type=\"application\/ld+json\" class=\"yoast-schema-graph\">{\"@context\":\"https:\\\/\\\/schema.org\",\"@graph\":[{\"@type\":[\"WebPage\",\"ContactPage\"],\"@id\":\"https:\\\/\\\/nurtravel.ch\\\/de\\\/contact\\\/\",\"url\":\"https:\\\/\\\/nurtravel.ch\\\/de\\\/contact\\\/\",\"name\":\"Kontakt - Nur Travel\",\"isPartOf\":{\"@id\":\"https:\\\/\\\/nurtravel.ch\\\/#website\"},\"datePublished\":\"2023-08-28T10:47:35+00:00\",\"dateModified\":\"2023-09-15T19:11:04+00:00\",\"description\":\"Nur Travel \u00ebsht\u00eb e dedikuar p\u00ebr t\u00eb ofruar sh\u00ebrbime t\u00eb jasht\u00ebzakonshme p\u00ebr besimtar\u00ebt mysliman\u00eb p\u00ebr pelegrinazhet e tyre t\u00eb Haxhit dhe Umres. Hajj und Umrah\",\"breadcrumb\":{\"@id\":\"https:\\\/\\\/nurtravel.ch\\\/de\\\/contact\\\/#breadcrumb\"},\"inLanguage\":\"de\",\"potentialAction\":[{\"@type\":\"ReadAction\",\"target\":[\"https:\\\/\\\/nurtravel.ch\\\/de\\\/contact\\\/\"]}]},{\"@type\":\"BreadcrumbList\",\"@id\":\"https:\\\/\\\/nurtravel.ch\\\/de\\\/contact\\\/#breadcrumb\",\"itemListElement\":[{\"@type\":\"ListItem\",\"position\":1,\"name\":\"Home\",\"item\":\"https:\\\/\\\/nurtravel.ch\\\/de\\\/homepage\\\/\"},{\"@type\":\"ListItem\",\"position\":2,\"name\":\"Kontakt\"}]},{\"@type\":\"WebSite\",\"@id\":\"https:\\\/\\\/nurtravel.ch\\\/#website\",\"url\":\"https:\\\/\\\/nurtravel.ch\\\/\",\"name\":\"Nur Travel\",\"description\":\"\",\"publisher\":{\"@id\":\"https:\\\/\\\/nurtravel.ch\\\/#organization\"},\"potentialAction\":[{\"@type\":\"SearchAction\",\"target\":{\"@type\":\"EntryPoint\",\"urlTemplate\":\"https:\\\/\\\/nurtravel.ch\\\/?s={search_term_string}\"},\"query-input\":{\"@type\":\"PropertyValueSpecification\",\"valueRequired\":true,\"valueName\":\"search_term_string\"}}],\"inLanguage\":\"de\"},{\"@type\":\"Organization\",\"@id\":\"https:\\\/\\\/nurtravel.ch\\\/#organization\",\"name\":\"Nur Travel\",\"url\":\"https:\\\/\\\/nurtravel.ch\\\/\",\"logo\":{\"@type\":\"ImageObject\",\"inLanguage\":\"de\",\"@id\":\"https:\\\/\\\/nurtravel.ch\\\/#\\\/schema\\\/logo\\\/image\\\/\",\"url\":\"https:\\\/\\\/nurtravel.ch\\\/wp-content\\\/uploads\\\/2017\\\/08\\\/logo_dark.svg\",\"contentUrl\":\"https:\\\/\\\/nurtravel.ch\\\/wp-content\\\/uploads\\\/2017\\\/08\\\/logo_dark.svg\",\"width\":1,\"height\":1,\"caption\":\"Nur Travel\"},\"image\":{\"@id\":\"https:\\\/\\\/nurtravel.ch\\\/#\\\/schema\\\/logo\\\/image\\\/\"},\"sameAs\":[\"https:\\\/\\\/www.facebook.com\\\/nurtravel.ch\",\"https:\\\/\\\/www.instagram.com\\\/nurtravel.ch\\\/\"]}]}<\/script>\n<!-- \/ Yoast SEO plugin. -->","yoast_head_json":{"title":"Kontakt - Nur Travel","description":"Nur Travel \u00ebsht\u00eb e dedikuar p\u00ebr t\u00eb ofruar sh\u00ebrbime t\u00eb jasht\u00ebzakonshme p\u00ebr besimtar\u00ebt mysliman\u00eb p\u00ebr pelegrinazhet e tyre t\u00eb Haxhit dhe Umres. Hajj und Umrah","robots":{"index":"index","follow":"follow","max-snippet":"max-snippet:-1","max-image-preview":"max-image-preview:large","max-video-preview":"max-video-preview:-1"},"canonical":"https:\/\/nurtravel.ch\/de\/contact\/","og_locale":"de_DE","og_type":"article","og_title":"Nur Travel - Kontakt","og_description":"Nur Travel \u00ebsht\u00eb e dedikuar p\u00ebr t\u00eb ofruar sh\u00ebrbime t\u00eb jasht\u00ebzakonshme p\u00ebr besimtar\u00ebt mysliman\u00eb p\u00ebr pelegrinazhet e tyre t\u00eb Haxhit dhe Umres.","og_url":"https:\/\/nurtravel.ch\/de\/contact\/","og_site_name":"Nur Travel","article_publisher":"https:\/\/www.facebook.com\/nurtravel.ch","article_modified_time":"2023-09-15T19:11:04+00:00","og_image":[{"width":1200,"height":630,"url":"https:\/\/nurtravel.ch\/wp-content\/uploads\/2023\/09\/social.jpg","type":"image\/jpeg"}],"twitter_card":"summary_large_image","twitter_title":"Nur Travel - Kontakt","twitter_description":"Nur Travel \u00ebsht\u00eb e dedikuar p\u00ebr t\u00eb ofruar sh\u00ebrbime t\u00eb jasht\u00ebzakonshme p\u00ebr besimtar\u00ebt mysliman\u00eb p\u00ebr pelegrinazhet e tyre t\u00eb Haxhit dhe Umres.","twitter_image":"https:\/\/nurtravel.ch\/wp-content\/uploads\/2023\/09\/social.jpg","twitter_misc":{"Gesch\u00e4tzte Lesezeit":"1\u00a0Minute"},"schema":{"@context":"https:\/\/schema.org","@graph":[{"@type":["WebPage","ContactPage"],"@id":"https:\/\/nurtravel.ch\/de\/contact\/","url":"https:\/\/nurtravel.ch\/de\/contact\/","name":"Kontakt - Nur Travel","isPartOf":{"@id":"https:\/\/nurtravel.ch\/#website"},"datePublished":"2023-08-28T10:47:35+00:00","dateModified":"2023-09-15T19:11:04+00:00","description":"Nur Travel \u00ebsht\u00eb e dedikuar p\u00ebr t\u00eb ofruar sh\u00ebrbime t\u00eb jasht\u00ebzakonshme p\u00ebr besimtar\u00ebt mysliman\u00eb p\u00ebr pelegrinazhet e tyre t\u00eb Haxhit dhe Umres. Hajj und Umrah","breadcrumb":{"@id":"https:\/\/nurtravel.ch\/de\/contact\/#breadcrumb"},"inLanguage":"de","potentialAction":[{"@type":"ReadAction","target":["https:\/\/nurtravel.ch\/de\/contact\/"]}]},{"@type":"BreadcrumbList","@id":"https:\/\/nurtravel.ch\/de\/contact\/#breadcrumb","itemListElement":[{"@type":"ListItem","position":1,"name":"Home","item":"https:\/\/nurtravel.ch\/de\/homepage\/"},{"@type":"ListItem","position":2,"name":"Kontakt"}]},{"@type":"WebSite","@id":"https:\/\/nurtravel.ch\/#website","url":"https:\/\/nurtravel.ch\/","name":"Nur Travel","description":"","publisher":{"@id":"https:\/\/nurtravel.ch\/#organization"},"potentialAction":[{"@type":"SearchAction","target":{"@type":"EntryPoint","urlTemplate":"https:\/\/nurtravel.ch\/?s={search_term_string}"},"query-input":{"@type":"PropertyValueSpecification","valueRequired":true,"valueName":"search_term_string"}}],"inLanguage":"de"},{"@type":"Organization","@id":"https:\/\/nurtravel.ch\/#organization","name":"Nur Travel","url":"https:\/\/nurtravel.ch\/","logo":{"@type":"ImageObject","inLanguage":"de","@id":"https:\/\/nurtravel.ch\/#\/schema\/logo\/image\/","url":"https:\/\/nurtravel.ch\/wp-content\/uploads\/2017\/08\/logo_dark.svg","contentUrl":"https:\/\/nurtravel.ch\/wp-content\/uploads\/2017\/08\/logo_dark.svg","width":1,"height":1,"caption":"Nur Travel"},"image":{"@id":"https:\/\/nurtravel.ch\/#\/schema\/logo\/image\/"},"sameAs":["https:\/\/www.facebook.com\/nurtravel.ch","https:\/\/www.instagram.com\/nurtravel.ch\/"]}]}},"_links":{"self":[{"href":"https:\/\/nurtravel.ch\/de\/wp-json\/wp\/v2\/pages\/3458","targetHints":{"allow":["GET"]}}],"collection":[{"href":"https:\/\/nurtravel.ch\/de\/wp-json\/wp\/v2\/pages"}],"about":[{"href":"https:\/\/nurtravel.ch\/de\/wp-json\/wp\/v2\/types\/page"}],"author":[{"embeddable":true,"href":"https:\/\/nurtravel.ch\/de\/wp-json\/wp\/v2\/users\/1"}],"replies":[{"embeddable":true,"href":"https:\/\/nurtravel.ch\/de\/wp-json\/wp\/v2\/comments?post=3458"}],"version-history":[{"count":3,"href":"https:\/\/nurtravel.ch\/de\/wp-json\/wp\/v2\/pages\/3458\/revisions"}],"predecessor-version":[{"id":3461,"href":"https:\/\/nurtravel.ch\/de\/wp-json\/wp\/v2\/pages\/3458\/revisions\/3461"}],"wp:attachment":[{"href":"https:\/\/nurtravel.ch\/de\/wp-json\/wp\/v2\/media?parent=3458"}],"curies":[{"name":"wp","href":"https:\/\/api.w.org\/{rel}","templated":true}]}}