{"id":3476,"date":"2023-08-28T10:47:35","date_gmt":"2023-08-28T10:47:35","guid":{"rendered":"https:\/\/nurtravel.ch\/destinations-list\/"},"modified":"2023-09-15T19:54:13","modified_gmt":"2023-09-15T19:54:13","slug":"destinations-list","status":"publish","type":"page","link":"https:\/\/nurtravel.ch\/de\/destinations-list\/","title":{"rendered":"Reiseziele"},"content":{"rendered":"<div class=\"wpb-content-wrapper\"><p>[vc_row row_content_width=&#8220;grid&#8220; content_text_aligment=&#8220;left&#8220; css=&#8220;.vc_custom_1506067941398{padding-top: 100px !important;padding-bottom: 72px !important;}&#8220;][vc_column css=&#8220;.vc_custom_1503664299442{margin-right: 10px !important;margin-left: 10px !important;}&#8220;]<div class=\"qodef-elements-holder   qodef-one-column  qodef-responsive-mode-768 \" ><div class=\"qodef-eh-item     \"  data-item-class=\"qodef-eh-custom-4612\" data-1024-1280=\"0 42% 0 0\" data-768-1024=\"0 15% 0 0\" data-680-768=\"0 0\" data-680=\"0 0\">\n\t<div class=\"qodef-eh-item-inner\">\n\t\t<div class=\"qodef-eh-item-content qodef-eh-custom-4612\" style=\"padding: 0 50% 0 0\">\n\t\t\t<div class=\"qodef-section-title-holder  qodef-st-standard qodef-st-title-left qodef-st-normal-space qodef-st-disable-title-break qodef-st-with-border\" style=\"text-align: left\">\n\t<div class=\"qodef-st-inner\">\n\t\t\t\t\t<h2 class=\"qodef-st-title\" >\n\t\t\t\tEntdecken Sie Reisen<br \/> in <span class=\"qodef-st-title-bold\">heilige<\/span> <span class=\"qodef-st-title-bold\">L\u00e4nder<\/span> und <span class=\"qodef-st-title-bold\">Traumst\u00e4dte<\/span>\t\t\t<\/h2>\n\t\t\t\t\t\t\t<h5 class=\"qodef-st-text\" >\n\t\t\t\tAuf dem Weg zu heiligen Reisen und Traumst\u00e4dten \u2013 das bieten wir Ihnen mit Nur Travel. Erleben Sie den Nervenkitzel einer spirituellen Pilgerreise zu den heiligen St\u00e4dten Mekka und Medina und genie\u00dfen Sie das kulturelle Erlebnis in Istanbul, einer Stadt reich an Geschichte und Kultur.\t\t\t<\/h5>\n\t\t\t<\/div>\n<\/div>\t\t<\/div>\n\t<\/div>\n\t<\/div><\/div>[\/vc_column][\/vc_row][vc_row css=&#8220;.vc_custom_1503664422086{padding-right: 10px !important;padding-left: 10px !important;background-color: #f6f6f6 !important;}&#8220;][vc_column css=&#8220;.vc_custom_1503664328753{padding-top: 10px !important;padding-bottom: 10px !important;}&#8220;]<div class=\"qodef-tours-destination-grid\">\n\t\t\t<div class=\"qodef-tours-destination-holder qodef-tours-row qodef-tr-tiny-space qodef-tours-columns-3 qodef-dg-light-skin\">\n\t        <div class=\"qodef-tours-row-inner-holder\">\n\t\t\t\t\t\t\t\t\t\n\t\t\t\t\t\t\t\t\t\t\t<div class=\"qodef-tours-destination-grid-item qodef-tours-row-item post-3462 destinations type-destinations status-publish has-post-thumbnail hentry\">\n\t\t\t\t\t\t\t<div class=\"qodef-tours-destination-item-holder\">\n\t\t\t\t\t\t\t\t<a href=\"https:\/\/nurtravel.ch\/de\/destinations\/haxhi\/\">\n\t\t\t\t\t\t\t\t\t<div class=\"qodef-tours-destination-item-image\">\n\t\t\t\t\t\t\t\t\t\t<img loading=\"lazy\" decoding=\"async\" width=\"1300\" height=\"985\" src=\"https:\/\/nurtravel.ch\/wp-content\/uploads\/2023\/09\/1-1.jpg\" class=\"attachment-full size-full wp-post-image\" alt=\"\" srcset=\"https:\/\/nurtravel.ch\/wp-content\/uploads\/2023\/09\/1-1.jpg 1300w, https:\/\/nurtravel.ch\/wp-content\/uploads\/2023\/09\/1-1-300x227.jpg 300w, https:\/\/nurtravel.ch\/wp-content\/uploads\/2023\/09\/1-1-1024x776.jpg 1024w, https:\/\/nurtravel.ch\/wp-content\/uploads\/2023\/09\/1-1-768x582.jpg 768w\" sizes=\"auto, (max-width: 1300px) 100vw, 1300px\" \/>\t\t\t\t\t\t\t\t\t<\/div>\n\n\t\t\t\t\t\t\t\t\t<div class=\"qodef-tours-destination-item-content\">\n\t\t\t\t\t\t\t\t\t\t<div class=\"qodef-tours-destination-item-content-inner\">\n\t\t\t\t\t\t\t\t\t\t\t<h2 class=\"qodef-tours-destination-item-title\">Der Haddsch<\/h2>\n\t\t\t\t\t\t\t\t\t\t<\/div>\n\t\t\t\t\t\t\t\t\t<\/div>\n\t\t\t\t\t\t\t\t<\/a>\n\t\t\t\t\t\t\t<\/div>\n\t\t\t\t\t\t<\/div>\n\t\t\t\t\t\t\t\t\t\t\t\t\t\t\n\t\t\t\t\t\t\t\t\t\t\t<div class=\"qodef-tours-destination-grid-item qodef-tours-row-item post-3464 destinations type-destinations status-publish has-post-thumbnail hentry\">\n\t\t\t\t\t\t\t<div class=\"qodef-tours-destination-item-holder\">\n\t\t\t\t\t\t\t\t<a href=\"https:\/\/nurtravel.ch\/de\/destinations\/umre\/\">\n\t\t\t\t\t\t\t\t\t<div class=\"qodef-tours-destination-item-image\">\n\t\t\t\t\t\t\t\t\t\t<img loading=\"lazy\" decoding=\"async\" width=\"1300\" height=\"985\" src=\"https:\/\/nurtravel.ch\/wp-content\/uploads\/2023\/09\/2-1.jpg\" class=\"attachment-full size-full wp-post-image\" alt=\"\" srcset=\"https:\/\/nurtravel.ch\/wp-content\/uploads\/2023\/09\/2-1.jpg 1300w, https:\/\/nurtravel.ch\/wp-content\/uploads\/2023\/09\/2-1-300x227.jpg 300w, https:\/\/nurtravel.ch\/wp-content\/uploads\/2023\/09\/2-1-1024x776.jpg 1024w, https:\/\/nurtravel.ch\/wp-content\/uploads\/2023\/09\/2-1-768x582.jpg 768w\" sizes=\"auto, (max-width: 1300px) 100vw, 1300px\" \/>\t\t\t\t\t\t\t\t\t<\/div>\n\n\t\t\t\t\t\t\t\t\t<div class=\"qodef-tours-destination-item-content\">\n\t\t\t\t\t\t\t\t\t\t<div class=\"qodef-tours-destination-item-content-inner\">\n\t\t\t\t\t\t\t\t\t\t\t<h2 class=\"qodef-tours-destination-item-title\">Umrah<\/h2>\n\t\t\t\t\t\t\t\t\t\t<\/div>\n\t\t\t\t\t\t\t\t\t<\/div>\n\t\t\t\t\t\t\t\t<\/a>\n\t\t\t\t\t\t\t<\/div>\n\t\t\t\t\t\t<\/div>\n\t\t\t\t\t\t\t\t\t\t\t\t\t\t\n\t\t\t\t\t\t\t\t\t\t\t<div class=\"qodef-tours-destination-grid-item qodef-tours-row-item post-3466 destinations type-destinations status-publish has-post-thumbnail hentry\">\n\t\t\t\t\t\t\t<div class=\"qodef-tours-destination-item-holder\">\n\t\t\t\t\t\t\t\t<a href=\"https:\/\/nurtravel.ch\/de\/destinations\/stamboll\/\">\n\t\t\t\t\t\t\t\t\t<div class=\"qodef-tours-destination-item-image\">\n\t\t\t\t\t\t\t\t\t\t<img loading=\"lazy\" decoding=\"async\" width=\"1300\" height=\"985\" src=\"https:\/\/nurtravel.ch\/wp-content\/uploads\/2023\/09\/3-1.jpg\" class=\"attachment-full size-full wp-post-image\" alt=\"\" srcset=\"https:\/\/nurtravel.ch\/wp-content\/uploads\/2023\/09\/3-1.jpg 1300w, https:\/\/nurtravel.ch\/wp-content\/uploads\/2023\/09\/3-1-300x227.jpg 300w, https:\/\/nurtravel.ch\/wp-content\/uploads\/2023\/09\/3-1-1024x776.jpg 1024w, https:\/\/nurtravel.ch\/wp-content\/uploads\/2023\/09\/3-1-768x582.jpg 768w\" sizes=\"auto, (max-width: 1300px) 100vw, 1300px\" \/>\t\t\t\t\t\t\t\t\t<\/div>\n\n\t\t\t\t\t\t\t\t\t<div class=\"qodef-tours-destination-item-content\">\n\t\t\t\t\t\t\t\t\t\t<div class=\"qodef-tours-destination-item-content-inner\">\n\t\t\t\t\t\t\t\t\t\t\t<h2 class=\"qodef-tours-destination-item-title\">Istanbul<\/h2>\n\t\t\t\t\t\t\t\t\t\t<\/div>\n\t\t\t\t\t\t\t\t\t<\/div>\n\t\t\t\t\t\t\t\t<\/a>\n\t\t\t\t\t\t\t<\/div>\n\t\t\t\t\t\t<\/div>\n\t\t\t\t\t\t\t\t\t\t\t\t\t\t\n\t\t\t\t\t\t\t\t\t\t\t\t<\/div>\n\t\t<\/div>\n\n\t\t\n\t<\/div>[\/vc_column][\/vc_row]<\/p>\n<\/div>","protected":false},"excerpt":{"rendered":"<p>[vc_row row_content_width=&#8220;grid&#8220; content_text_aligment=&#8220;left&#8220; css=&#8220;.vc_custom_1506067941398{padding-top: 100px !important;padding-bottom: 72px !important;}&#8220;][vc_column css=&#8220;.vc_custom_1503664299442{margin-right: 10px !important;margin-left: 10px !important;}&#8220;][\/vc_column][\/vc_row][vc_row css=&#8220;.vc_custom_1503664422086{padding-right: 10px !important;padding-left: 10px !important;background-color: #f6f6f6 !important;}&#8220;][vc_column css=&#8220;.vc_custom_1503664328753{padding-top: 10px !important;padding-bottom: 10px !important;}&#8220;][\/vc_column][\/vc_row]<\/p>\n","protected":false},"author":1,"featured_media":0,"parent":0,"menu_order":0,"comment_status":"closed","ping_status":"closed","template":"full-width.php","meta":{"_joinchat":[],"footnotes":""},"class_list":["post-3476","page","type-page","status-publish","hentry"],"yoast_head":"<!-- This site is optimized with the Yoast SEO plugin v27.4 - https:\/\/yoast.com\/product\/yoast-seo-wordpress\/ -->\n<title>Reiseziele - Nur Travel<\/title>\n<meta name=\"description\" content=\"Nur Travel \u00ebsht\u00eb e dedikuar p\u00ebr t\u00eb ofruar sh\u00ebrbime t\u00eb jasht\u00ebzakonshme p\u00ebr besimtar\u00ebt mysliman\u00eb p\u00ebr pelegrinazhet e tyre t\u00eb Haxhit dhe Umres. Hajj und Umrah\" \/>\n<meta name=\"robots\" content=\"index, follow, max-snippet:-1, max-image-preview:large, max-video-preview:-1\" \/>\n<link rel=\"canonical\" href=\"https:\/\/nurtravel.ch\/de\/destinations-list\/\" \/>\n<meta property=\"og:locale\" content=\"de_DE\" \/>\n<meta property=\"og:type\" content=\"article\" \/>\n<meta property=\"og:title\" content=\"Nur Travel - Destinacionet\" \/>\n<meta property=\"og:description\" content=\"Nur Travel \u00ebsht\u00eb e dedikuar p\u00ebr t\u00eb ofruar sh\u00ebrbime t\u00eb jasht\u00ebzakonshme p\u00ebr besimtar\u00ebt mysliman\u00eb p\u00ebr pelegrinazhet e tyre t\u00eb Haxhit dhe Umres.\" \/>\n<meta property=\"og:url\" content=\"https:\/\/nurtravel.ch\/de\/destinations-list\/\" \/>\n<meta property=\"og:site_name\" content=\"Nur Travel\" \/>\n<meta property=\"article:publisher\" content=\"https:\/\/www.facebook.com\/nurtravel.ch\" \/>\n<meta property=\"article:modified_time\" content=\"2023-09-15T19:54:13+00:00\" \/>\n<meta property=\"og:image\" content=\"https:\/\/nurtravel.ch\/wp-content\/uploads\/2023\/09\/social.jpg\" \/>\n\t<meta property=\"og:image:width\" content=\"1200\" \/>\n\t<meta property=\"og:image:height\" content=\"630\" \/>\n\t<meta property=\"og:image:type\" content=\"image\/jpeg\" \/>\n<meta name=\"twitter:card\" content=\"summary_large_image\" \/>\n<meta name=\"twitter:title\" content=\"Nur Travel - Destinacionet\" \/>\n<meta name=\"twitter:description\" content=\"Nur Travel \u00ebsht\u00eb e dedikuar p\u00ebr t\u00eb ofruar sh\u00ebrbime t\u00eb jasht\u00ebzakonshme p\u00ebr besimtar\u00ebt mysliman\u00eb p\u00ebr pelegrinazhet e tyre t\u00eb Haxhit dhe Umres.\" \/>\n<meta name=\"twitter:image\" content=\"https:\/\/nurtravel.ch\/wp-content\/uploads\/2023\/09\/social.jpg\" \/>\n<meta name=\"twitter:label1\" content=\"Gesch\u00e4tzte Lesezeit\" \/>\n\t<meta name=\"twitter:data1\" content=\"1\u00a0Minute\" \/>\n<script type=\"application\/ld+json\" class=\"yoast-schema-graph\">{\"@context\":\"https:\\\/\\\/schema.org\",\"@graph\":[{\"@type\":[\"WebPage\",\"CollectionPage\"],\"@id\":\"https:\\\/\\\/nurtravel.ch\\\/de\\\/destinations-list\\\/\",\"url\":\"https:\\\/\\\/nurtravel.ch\\\/de\\\/destinations-list\\\/\",\"name\":\"Reiseziele - Nur Travel\",\"isPartOf\":{\"@id\":\"https:\\\/\\\/nurtravel.ch\\\/#website\"},\"datePublished\":\"2023-08-28T10:47:35+00:00\",\"dateModified\":\"2023-09-15T19:54:13+00:00\",\"description\":\"Nur Travel \u00ebsht\u00eb e dedikuar p\u00ebr t\u00eb ofruar sh\u00ebrbime t\u00eb jasht\u00ebzakonshme p\u00ebr besimtar\u00ebt mysliman\u00eb p\u00ebr pelegrinazhet e tyre t\u00eb Haxhit dhe Umres. Hajj und Umrah\",\"breadcrumb\":{\"@id\":\"https:\\\/\\\/nurtravel.ch\\\/de\\\/destinations-list\\\/#breadcrumb\"},\"inLanguage\":\"de\"},{\"@type\":\"BreadcrumbList\",\"@id\":\"https:\\\/\\\/nurtravel.ch\\\/de\\\/destinations-list\\\/#breadcrumb\",\"itemListElement\":[{\"@type\":\"ListItem\",\"position\":1,\"name\":\"Home\",\"item\":\"https:\\\/\\\/nurtravel.ch\\\/de\\\/homepage\\\/\"},{\"@type\":\"ListItem\",\"position\":2,\"name\":\"Reiseziele\"}]},{\"@type\":\"WebSite\",\"@id\":\"https:\\\/\\\/nurtravel.ch\\\/#website\",\"url\":\"https:\\\/\\\/nurtravel.ch\\\/\",\"name\":\"Nur Travel\",\"description\":\"\",\"publisher\":{\"@id\":\"https:\\\/\\\/nurtravel.ch\\\/#organization\"},\"potentialAction\":[{\"@type\":\"SearchAction\",\"target\":{\"@type\":\"EntryPoint\",\"urlTemplate\":\"https:\\\/\\\/nurtravel.ch\\\/?s={search_term_string}\"},\"query-input\":{\"@type\":\"PropertyValueSpecification\",\"valueRequired\":true,\"valueName\":\"search_term_string\"}}],\"inLanguage\":\"de\"},{\"@type\":\"Organization\",\"@id\":\"https:\\\/\\\/nurtravel.ch\\\/#organization\",\"name\":\"Nur Travel\",\"url\":\"https:\\\/\\\/nurtravel.ch\\\/\",\"logo\":{\"@type\":\"ImageObject\",\"inLanguage\":\"de\",\"@id\":\"https:\\\/\\\/nurtravel.ch\\\/#\\\/schema\\\/logo\\\/image\\\/\",\"url\":\"https:\\\/\\\/nurtravel.ch\\\/wp-content\\\/uploads\\\/2017\\\/08\\\/logo_dark.svg\",\"contentUrl\":\"https:\\\/\\\/nurtravel.ch\\\/wp-content\\\/uploads\\\/2017\\\/08\\\/logo_dark.svg\",\"width\":1,\"height\":1,\"caption\":\"Nur Travel\"},\"image\":{\"@id\":\"https:\\\/\\\/nurtravel.ch\\\/#\\\/schema\\\/logo\\\/image\\\/\"},\"sameAs\":[\"https:\\\/\\\/www.facebook.com\\\/nurtravel.ch\",\"https:\\\/\\\/www.instagram.com\\\/nurtravel.ch\\\/\"]}]}<\/script>\n<!-- \/ Yoast SEO plugin. -->","yoast_head_json":{"title":"Reiseziele - Nur Travel","description":"Nur Travel \u00ebsht\u00eb e dedikuar p\u00ebr t\u00eb ofruar sh\u00ebrbime t\u00eb jasht\u00ebzakonshme p\u00ebr besimtar\u00ebt mysliman\u00eb p\u00ebr pelegrinazhet e tyre t\u00eb Haxhit dhe Umres. Hajj und Umrah","robots":{"index":"index","follow":"follow","max-snippet":"max-snippet:-1","max-image-preview":"max-image-preview:large","max-video-preview":"max-video-preview:-1"},"canonical":"https:\/\/nurtravel.ch\/de\/destinations-list\/","og_locale":"de_DE","og_type":"article","og_title":"Nur Travel - Destinacionet","og_description":"Nur Travel \u00ebsht\u00eb e dedikuar p\u00ebr t\u00eb ofruar sh\u00ebrbime t\u00eb jasht\u00ebzakonshme p\u00ebr besimtar\u00ebt mysliman\u00eb p\u00ebr pelegrinazhet e tyre t\u00eb Haxhit dhe Umres.","og_url":"https:\/\/nurtravel.ch\/de\/destinations-list\/","og_site_name":"Nur Travel","article_publisher":"https:\/\/www.facebook.com\/nurtravel.ch","article_modified_time":"2023-09-15T19:54:13+00:00","og_image":[{"width":1200,"height":630,"url":"https:\/\/nurtravel.ch\/wp-content\/uploads\/2023\/09\/social.jpg","type":"image\/jpeg"}],"twitter_card":"summary_large_image","twitter_title":"Nur Travel - Destinacionet","twitter_description":"Nur Travel \u00ebsht\u00eb e dedikuar p\u00ebr t\u00eb ofruar sh\u00ebrbime t\u00eb jasht\u00ebzakonshme p\u00ebr besimtar\u00ebt mysliman\u00eb p\u00ebr pelegrinazhet e tyre t\u00eb Haxhit dhe Umres.","twitter_image":"https:\/\/nurtravel.ch\/wp-content\/uploads\/2023\/09\/social.jpg","twitter_misc":{"Gesch\u00e4tzte Lesezeit":"1\u00a0Minute"},"schema":{"@context":"https:\/\/schema.org","@graph":[{"@type":["WebPage","CollectionPage"],"@id":"https:\/\/nurtravel.ch\/de\/destinations-list\/","url":"https:\/\/nurtravel.ch\/de\/destinations-list\/","name":"Reiseziele - Nur Travel","isPartOf":{"@id":"https:\/\/nurtravel.ch\/#website"},"datePublished":"2023-08-28T10:47:35+00:00","dateModified":"2023-09-15T19:54:13+00:00","description":"Nur Travel \u00ebsht\u00eb e dedikuar p\u00ebr t\u00eb ofruar sh\u00ebrbime t\u00eb jasht\u00ebzakonshme p\u00ebr besimtar\u00ebt mysliman\u00eb p\u00ebr pelegrinazhet e tyre t\u00eb Haxhit dhe Umres. Hajj und Umrah","breadcrumb":{"@id":"https:\/\/nurtravel.ch\/de\/destinations-list\/#breadcrumb"},"inLanguage":"de"},{"@type":"BreadcrumbList","@id":"https:\/\/nurtravel.ch\/de\/destinations-list\/#breadcrumb","itemListElement":[{"@type":"ListItem","position":1,"name":"Home","item":"https:\/\/nurtravel.ch\/de\/homepage\/"},{"@type":"ListItem","position":2,"name":"Reiseziele"}]},{"@type":"WebSite","@id":"https:\/\/nurtravel.ch\/#website","url":"https:\/\/nurtravel.ch\/","name":"Nur Travel","description":"","publisher":{"@id":"https:\/\/nurtravel.ch\/#organization"},"potentialAction":[{"@type":"SearchAction","target":{"@type":"EntryPoint","urlTemplate":"https:\/\/nurtravel.ch\/?s={search_term_string}"},"query-input":{"@type":"PropertyValueSpecification","valueRequired":true,"valueName":"search_term_string"}}],"inLanguage":"de"},{"@type":"Organization","@id":"https:\/\/nurtravel.ch\/#organization","name":"Nur Travel","url":"https:\/\/nurtravel.ch\/","logo":{"@type":"ImageObject","inLanguage":"de","@id":"https:\/\/nurtravel.ch\/#\/schema\/logo\/image\/","url":"https:\/\/nurtravel.ch\/wp-content\/uploads\/2017\/08\/logo_dark.svg","contentUrl":"https:\/\/nurtravel.ch\/wp-content\/uploads\/2017\/08\/logo_dark.svg","width":1,"height":1,"caption":"Nur Travel"},"image":{"@id":"https:\/\/nurtravel.ch\/#\/schema\/logo\/image\/"},"sameAs":["https:\/\/www.facebook.com\/nurtravel.ch","https:\/\/www.instagram.com\/nurtravel.ch\/"]}]}},"_links":{"self":[{"href":"https:\/\/nurtravel.ch\/de\/wp-json\/wp\/v2\/pages\/3476","targetHints":{"allow":["GET"]}}],"collection":[{"href":"https:\/\/nurtravel.ch\/de\/wp-json\/wp\/v2\/pages"}],"about":[{"href":"https:\/\/nurtravel.ch\/de\/wp-json\/wp\/v2\/types\/page"}],"author":[{"embeddable":true,"href":"https:\/\/nurtravel.ch\/de\/wp-json\/wp\/v2\/users\/1"}],"replies":[{"embeddable":true,"href":"https:\/\/nurtravel.ch\/de\/wp-json\/wp\/v2\/comments?post=3476"}],"version-history":[{"count":1,"href":"https:\/\/nurtravel.ch\/de\/wp-json\/wp\/v2\/pages\/3476\/revisions"}],"predecessor-version":[{"id":3477,"href":"https:\/\/nurtravel.ch\/de\/wp-json\/wp\/v2\/pages\/3476\/revisions\/3477"}],"wp:attachment":[{"href":"https:\/\/nurtravel.ch\/de\/wp-json\/wp\/v2\/media?parent=3476"}],"curies":[{"name":"wp","href":"https:\/\/api.w.org\/{rel}","templated":true}]}}