{"id":3478,"date":"2023-08-28T10:47:35","date_gmt":"2023-08-28T10:47:35","guid":{"rendered":"https:\/\/nurtravel.ch\/tours\/"},"modified":"2023-09-15T19:55:30","modified_gmt":"2023-09-15T19:55:30","slug":"tours","status":"publish","type":"page","link":"https:\/\/nurtravel.ch\/de\/tours\/","title":{"rendered":"Reisen"},"content":{"rendered":"","protected":false},"excerpt":{"rendered":"","protected":false},"author":1,"featured_media":0,"parent":0,"menu_order":0,"comment_status":"closed","ping_status":"closed","template":"post-types\/tours\/templates\/search-tour-item-template.php","meta":{"_joinchat":[],"footnotes":""},"class_list":["post-3478","page","type-page","status-publish","hentry"],"yoast_head":"<!-- This site is optimized with the Yoast SEO plugin v27.6 - https:\/\/yoast.com\/product\/yoast-seo-wordpress\/ -->\n<title>Reisen - Nur Travel<\/title>\n<meta name=\"description\" content=\"Nur Travel \u00ebsht\u00eb e dedikuar p\u00ebr t\u00eb ofruar sh\u00ebrbime t\u00eb jasht\u00ebzakonshme p\u00ebr besimtar\u00ebt mysliman\u00eb p\u00ebr pelegrinazhet e tyre t\u00eb Haxhit dhe Umres. Hajj und Umrah\" \/>\n<meta name=\"robots\" content=\"index, follow, max-snippet:-1, max-image-preview:large, max-video-preview:-1\" \/>\n<link rel=\"canonical\" href=\"https:\/\/nurtravel.ch\/de\/tours\/\" \/>\n<meta property=\"og:locale\" content=\"de_DE\" \/>\n<meta property=\"og:type\" content=\"article\" \/>\n<meta property=\"og:title\" content=\"Nur Travel - Udh\u00ebtimet\" \/>\n<meta property=\"og:description\" content=\"Nur Travel \u00ebsht\u00eb e dedikuar p\u00ebr t\u00eb ofruar sh\u00ebrbime t\u00eb jasht\u00ebzakonshme p\u00ebr besimtar\u00ebt mysliman\u00eb p\u00ebr pelegrinazhet e tyre t\u00eb Haxhit dhe Umres.\" \/>\n<meta property=\"og:url\" content=\"https:\/\/nurtravel.ch\/de\/tours\/\" \/>\n<meta property=\"og:site_name\" content=\"Nur Travel\" \/>\n<meta property=\"article:publisher\" content=\"https:\/\/www.facebook.com\/nurtravel.ch\" \/>\n<meta property=\"article:modified_time\" content=\"2023-09-15T19:55:30+00:00\" \/>\n<meta property=\"og:image\" content=\"https:\/\/nurtravel.ch\/wp-content\/uploads\/2023\/09\/social.jpg\" \/>\n\t<meta property=\"og:image:width\" content=\"1200\" \/>\n\t<meta property=\"og:image:height\" content=\"630\" \/>\n\t<meta property=\"og:image:type\" content=\"image\/jpeg\" \/>\n<meta name=\"twitter:card\" content=\"summary_large_image\" \/>\n<meta name=\"twitter:title\" content=\"Nur Travel - Udh\u00ebtimet\" \/>\n<meta name=\"twitter:description\" content=\"Nur Travel \u00ebsht\u00eb e dedikuar p\u00ebr t\u00eb ofruar sh\u00ebrbime t\u00eb jasht\u00ebzakonshme p\u00ebr besimtar\u00ebt mysliman\u00eb p\u00ebr pelegrinazhet e tyre t\u00eb Haxhit dhe Umres.\" \/>\n<meta name=\"twitter:image\" content=\"https:\/\/nurtravel.ch\/wp-content\/uploads\/2023\/09\/social.jpg\" \/>\n<script type=\"application\/ld+json\" class=\"yoast-schema-graph\">{\"@context\":\"https:\\\/\\\/schema.org\",\"@graph\":[{\"@type\":[\"WebPage\",\"CollectionPage\"],\"@id\":\"https:\\\/\\\/nurtravel.ch\\\/de\\\/tours\\\/\",\"url\":\"https:\\\/\\\/nurtravel.ch\\\/de\\\/tours\\\/\",\"name\":\"Reisen - Nur Travel\",\"isPartOf\":{\"@id\":\"https:\\\/\\\/nurtravel.ch\\\/#website\"},\"datePublished\":\"2023-08-28T10:47:35+00:00\",\"dateModified\":\"2023-09-15T19:55:30+00:00\",\"description\":\"Nur Travel \u00ebsht\u00eb e dedikuar p\u00ebr t\u00eb ofruar sh\u00ebrbime t\u00eb jasht\u00ebzakonshme p\u00ebr besimtar\u00ebt mysliman\u00eb p\u00ebr pelegrinazhet e tyre t\u00eb Haxhit dhe Umres. Hajj und Umrah\",\"breadcrumb\":{\"@id\":\"https:\\\/\\\/nurtravel.ch\\\/de\\\/tours\\\/#breadcrumb\"},\"inLanguage\":\"de\"},{\"@type\":\"BreadcrumbList\",\"@id\":\"https:\\\/\\\/nurtravel.ch\\\/de\\\/tours\\\/#breadcrumb\",\"itemListElement\":[{\"@type\":\"ListItem\",\"position\":1,\"name\":\"Home\",\"item\":\"https:\\\/\\\/nurtravel.ch\\\/de\\\/homepage\\\/\"},{\"@type\":\"ListItem\",\"position\":2,\"name\":\"Reisen\"}]},{\"@type\":\"WebSite\",\"@id\":\"https:\\\/\\\/nurtravel.ch\\\/#website\",\"url\":\"https:\\\/\\\/nurtravel.ch\\\/\",\"name\":\"Nur Travel\",\"description\":\"\",\"publisher\":{\"@id\":\"https:\\\/\\\/nurtravel.ch\\\/#organization\"},\"potentialAction\":[{\"@type\":\"SearchAction\",\"target\":{\"@type\":\"EntryPoint\",\"urlTemplate\":\"https:\\\/\\\/nurtravel.ch\\\/?s={search_term_string}\"},\"query-input\":{\"@type\":\"PropertyValueSpecification\",\"valueRequired\":true,\"valueName\":\"search_term_string\"}}],\"inLanguage\":\"de\"},{\"@type\":\"Organization\",\"@id\":\"https:\\\/\\\/nurtravel.ch\\\/#organization\",\"name\":\"Nur Travel\",\"url\":\"https:\\\/\\\/nurtravel.ch\\\/\",\"logo\":{\"@type\":\"ImageObject\",\"inLanguage\":\"de\",\"@id\":\"https:\\\/\\\/nurtravel.ch\\\/#\\\/schema\\\/logo\\\/image\\\/\",\"url\":\"https:\\\/\\\/nurtravel.ch\\\/wp-content\\\/uploads\\\/2017\\\/08\\\/logo_dark.svg\",\"contentUrl\":\"https:\\\/\\\/nurtravel.ch\\\/wp-content\\\/uploads\\\/2017\\\/08\\\/logo_dark.svg\",\"width\":1,\"height\":1,\"caption\":\"Nur Travel\"},\"image\":{\"@id\":\"https:\\\/\\\/nurtravel.ch\\\/#\\\/schema\\\/logo\\\/image\\\/\"},\"sameAs\":[\"https:\\\/\\\/www.facebook.com\\\/nurtravel.ch\",\"https:\\\/\\\/www.instagram.com\\\/nurtravel.ch\\\/\"]}]}<\/script>\n<!-- \/ Yoast SEO plugin. -->","yoast_head_json":{"title":"Reisen - Nur Travel","description":"Nur Travel \u00ebsht\u00eb e dedikuar p\u00ebr t\u00eb ofruar sh\u00ebrbime t\u00eb jasht\u00ebzakonshme p\u00ebr besimtar\u00ebt mysliman\u00eb p\u00ebr pelegrinazhet e tyre t\u00eb Haxhit dhe Umres. Hajj und Umrah","robots":{"index":"index","follow":"follow","max-snippet":"max-snippet:-1","max-image-preview":"max-image-preview:large","max-video-preview":"max-video-preview:-1"},"canonical":"https:\/\/nurtravel.ch\/de\/tours\/","og_locale":"de_DE","og_type":"article","og_title":"Nur Travel - Udh\u00ebtimet","og_description":"Nur Travel \u00ebsht\u00eb e dedikuar p\u00ebr t\u00eb ofruar sh\u00ebrbime t\u00eb jasht\u00ebzakonshme p\u00ebr besimtar\u00ebt mysliman\u00eb p\u00ebr pelegrinazhet e tyre t\u00eb Haxhit dhe Umres.","og_url":"https:\/\/nurtravel.ch\/de\/tours\/","og_site_name":"Nur Travel","article_publisher":"https:\/\/www.facebook.com\/nurtravel.ch","article_modified_time":"2023-09-15T19:55:30+00:00","og_image":[{"width":1200,"height":630,"url":"https:\/\/nurtravel.ch\/wp-content\/uploads\/2023\/09\/social.jpg","type":"image\/jpeg"}],"twitter_card":"summary_large_image","twitter_title":"Nur Travel - Udh\u00ebtimet","twitter_description":"Nur Travel \u00ebsht\u00eb e dedikuar p\u00ebr t\u00eb ofruar sh\u00ebrbime t\u00eb jasht\u00ebzakonshme p\u00ebr besimtar\u00ebt mysliman\u00eb p\u00ebr pelegrinazhet e tyre t\u00eb Haxhit dhe Umres.","twitter_image":"https:\/\/nurtravel.ch\/wp-content\/uploads\/2023\/09\/social.jpg","schema":{"@context":"https:\/\/schema.org","@graph":[{"@type":["WebPage","CollectionPage"],"@id":"https:\/\/nurtravel.ch\/de\/tours\/","url":"https:\/\/nurtravel.ch\/de\/tours\/","name":"Reisen - Nur Travel","isPartOf":{"@id":"https:\/\/nurtravel.ch\/#website"},"datePublished":"2023-08-28T10:47:35+00:00","dateModified":"2023-09-15T19:55:30+00:00","description":"Nur Travel \u00ebsht\u00eb e dedikuar p\u00ebr t\u00eb ofruar sh\u00ebrbime t\u00eb jasht\u00ebzakonshme p\u00ebr besimtar\u00ebt mysliman\u00eb p\u00ebr pelegrinazhet e tyre t\u00eb Haxhit dhe Umres. Hajj und Umrah","breadcrumb":{"@id":"https:\/\/nurtravel.ch\/de\/tours\/#breadcrumb"},"inLanguage":"de"},{"@type":"BreadcrumbList","@id":"https:\/\/nurtravel.ch\/de\/tours\/#breadcrumb","itemListElement":[{"@type":"ListItem","position":1,"name":"Home","item":"https:\/\/nurtravel.ch\/de\/homepage\/"},{"@type":"ListItem","position":2,"name":"Reisen"}]},{"@type":"WebSite","@id":"https:\/\/nurtravel.ch\/#website","url":"https:\/\/nurtravel.ch\/","name":"Nur Travel","description":"","publisher":{"@id":"https:\/\/nurtravel.ch\/#organization"},"potentialAction":[{"@type":"SearchAction","target":{"@type":"EntryPoint","urlTemplate":"https:\/\/nurtravel.ch\/?s={search_term_string}"},"query-input":{"@type":"PropertyValueSpecification","valueRequired":true,"valueName":"search_term_string"}}],"inLanguage":"de"},{"@type":"Organization","@id":"https:\/\/nurtravel.ch\/#organization","name":"Nur Travel","url":"https:\/\/nurtravel.ch\/","logo":{"@type":"ImageObject","inLanguage":"de","@id":"https:\/\/nurtravel.ch\/#\/schema\/logo\/image\/","url":"https:\/\/nurtravel.ch\/wp-content\/uploads\/2017\/08\/logo_dark.svg","contentUrl":"https:\/\/nurtravel.ch\/wp-content\/uploads\/2017\/08\/logo_dark.svg","width":1,"height":1,"caption":"Nur Travel"},"image":{"@id":"https:\/\/nurtravel.ch\/#\/schema\/logo\/image\/"},"sameAs":["https:\/\/www.facebook.com\/nurtravel.ch","https:\/\/www.instagram.com\/nurtravel.ch\/"]}]}},"_links":{"self":[{"href":"https:\/\/nurtravel.ch\/de\/wp-json\/wp\/v2\/pages\/3478","targetHints":{"allow":["GET"]}}],"collection":[{"href":"https:\/\/nurtravel.ch\/de\/wp-json\/wp\/v2\/pages"}],"about":[{"href":"https:\/\/nurtravel.ch\/de\/wp-json\/wp\/v2\/types\/page"}],"author":[{"embeddable":true,"href":"https:\/\/nurtravel.ch\/de\/wp-json\/wp\/v2\/users\/1"}],"replies":[{"embeddable":true,"href":"https:\/\/nurtravel.ch\/de\/wp-json\/wp\/v2\/comments?post=3478"}],"version-history":[{"count":1,"href":"https:\/\/nurtravel.ch\/de\/wp-json\/wp\/v2\/pages\/3478\/revisions"}],"predecessor-version":[{"id":3479,"href":"https:\/\/nurtravel.ch\/de\/wp-json\/wp\/v2\/pages\/3478\/revisions\/3479"}],"wp:attachment":[{"href":"https:\/\/nurtravel.ch\/de\/wp-json\/wp\/v2\/media?parent=3478"}],"curies":[{"name":"wp","href":"https:\/\/api.w.org\/{rel}","templated":true}]}}